{"id":31,"date":"2025-01-27T11:19:22","date_gmt":"2025-01-27T11:19:22","guid":{"rendered":"https:\/\/karlgren.no\/bryllup\/contact-2\/"},"modified":"2025-01-27T16:14:55","modified_gmt":"2025-01-27T16:14:55","slug":"contact-2","status":"publish","type":"page","link":"https:\/\/karlgren.no\/bryllup\/contact-2\/","title":{"rendered":"Contact"},"content":{"rendered":"\n\n\nKontakt oss\n\n\n\n\n\n\n\n\nget in touch\nTa gjerne kontakt for en hyggelig prat, om du har sp\u00f8rsm\u00e5l, eller for \u00e5 sjekke v\u00e5r tilgjengelighet.\n\n\n\n\n\n\n\n\n\n\n\n\n","protected":false},"excerpt":{"rendered":"","protected":false},"author":1,"featured_media":0,"parent":0,"menu_order":0,"comment_status":"closed","ping_status":"closed","template":"","meta":{"pagelayer_contact_templates":{"2803320":{"to_email":"post@karlgren.no","cont_subject":"Kontaktskjema Bryllup - $Navn"}},"_pagelayer_content":"","footnotes":""},"class_list":["post-31","page","type-page","status-publish","hentry"],"_links":{"self":[{"href":"https:\/\/karlgren.no\/bryllup\/wp-json\/wp\/v2\/pages\/31","targetHints":{"allow":["GET"]}}],"collection":[{"href":"https:\/\/karlgren.no\/bryllup\/wp-json\/wp\/v2\/pages"}],"about":[{"href":"https:\/\/karlgren.no\/bryllup\/wp-json\/wp\/v2\/types\/page"}],"author":[{"embeddable":true,"href":"https:\/\/karlgren.no\/bryllup\/wp-json\/wp\/v2\/users\/1"}],"replies":[{"embeddable":true,"href":"https:\/\/karlgren.no\/bryllup\/wp-json\/wp\/v2\/comments?post=31"}],"version-history":[{"count":8,"href":"https:\/\/karlgren.no\/bryllup\/wp-json\/wp\/v2\/pages\/31\/revisions"}],"predecessor-version":[{"id":102,"href":"https:\/\/karlgren.no\/bryllup\/wp-json\/wp\/v2\/pages\/31\/revisions\/102"}],"wp:attachment":[{"href":"https:\/\/karlgren.no\/bryllup\/wp-json\/wp\/v2\/media?parent=31"}],"curies":[{"name":"wp","href":"https:\/\/api.w.org\/{rel}","templated":true}]}}