{"id":33,"date":"2025-01-27T11:19:22","date_gmt":"2025-01-27T10:19:22","guid":{"rendered":"https:\/\/karlgren.no\/bryllup\/home\/"},"modified":"2025-02-28T13:52:36","modified_gmt":"2025-02-28T12:52:36","slug":"home","status":"publish","type":"page","link":"https:\/\/karlgren.no\/bryllup\/","title":{"rendered":"Home"},"content":{"rendered":"\n\n\nBryllupsmagi\nFra glimt av latter til t\u00e5rer av glede, s\u00f8rger jeg for at hvert bilde speiler hvem dere er, og at minnene deres f\u00f8les like levende som selve dagen!\n\n\n\n\n\nVelkommen\n<p style=\"color: rgb(137, 137, 137); font-family: poppins; font-size: 12px; line-height: 2; text-align: justify;\">\u00c5 investere i en erfaren bryllupsfotograf er en av de beste beslutningene dere kan ta for den store dagen. V\u00e5r oppgave er \u00e5 s\u00f8rge for at dere kan slappe helt av og nyte hvert \u00f8yeblikk, mens vi fanger minnene som varer livet ut.<\/p>\n<p style=\"color: rgb(137, 137, 137); font-family: poppins; font-size: 12px; line-height: 2; text-align: justify;\">Vi tilbyr alt fra stilfulle portretter til halv- og heldagsfotografering, skreddersydd for \u00e5 dekke deres behov. Har dere spesielle \u00f8nsker? Vi elsker \u00e5 tilpasse oss og gj\u00f8re deres visjoner til virkelighet. V\u00e5re tidligere kunder har v\u00e6rt str\u00e5lende forn\u00f8yde \u2013 og vi ser frem til \u00e5 gi dere samme fantastiske opplevelse.<\/p>\n<p style=\"color: rgb(137, 137, 137); font-family: poppins; font-size: 12px; line-height: 2; text-align: justify;\">La oss forevige deres kj\u00e6rlighetshistorie p\u00e5 en m\u00e5te som er like unik som dere.<\/p>\n\n\n\n\n\n\n\n\n\n\n\n\n\n\n\n\n\n\n\n\n\nDeres bryllups\nFotograf\n<p style=\"color: rgb(137, 137, 137); font-family: poppins; font-size: 12px; line-height: 2; text-align: justify;\">S\u00f8rg for at deres store dag blir uforglemmelig med hjelp fra en erfaren bryllupsfotograf. Vi vet hvor verdifullt det er \u00e5 ha noen som kan fange de \u00f8yeblikkene som betyr mest for dere.<\/p>\n<p style=\"color: rgb(137, 137, 137); font-family: poppins; font-size: 12px; line-height: 2; text-align: justify;\">V\u00e5rt viktigste m\u00e5l er \u00e5 s\u00f8rge for at dere kan slappe av og nyte dagen deres fullt ut. Vi tar oss av alle fotodetaljene, slik at dere kan fokusere p\u00e5 det som virkelig betyr noe \u2013 nyte dagen og hverandre.<\/p>\n<p style=\"color: rgb(137, 137, 137); font-family: poppins; font-size: 12px; line-height: 2; text-align: justify;\">S\u00e5 hvorfor n\u00f8le? Ta det f\u00f8rste skrittet mot en uforglemmelig bryllupsfotografering og kontakt oss i dag. La oss bli med p\u00e5 deres reise og skape tidl\u00f8se bilder som vil v\u00e6re en p\u00e5minnelse om deres kj\u00e6rlighet gjennom hele livet. Vi ser frem til \u00e5 bli en del av deres bryllupsfeiring og hjelpe dere med \u00e5 skape minner for generasjoner.<\/p>\n\n\n\n\n\n\nTjenester\nV\u00e5r startpakke inkluderer den offisielle bryllupsfotograferingen, hvor vi tar portrettene som vanligvis tas mellom seremonien og middagen. Uansett om dere har 2 timer eller 4 timer til r\u00e5dighet, spiller det ingen rolle \u2013 prisen forblir den samme. Vi \u00f8nsker \u00e5 fange \u00f8yeblikkene som betyr noe for dere, enten det er familiebilder, kreative portretter eller om dere \u00f8nsker \u00e5 utforske forskjellige lokasjoner. Hos oss betaler dere en fast pris, enkelt og greit!\nVi har ogs\u00e5 inkludert alle fotografens utvalgte bilder i prisen. Disse bildene leveres i oppl\u00f8sning som er perfekt tilpasset deling p\u00e5 sosiale medier (1024px p\u00e5 langsiden). S\u00e5 ikke bekymre dere for \u00e5 m\u00e5tte velge ut noen favoritter \u2013 vi s\u00f8rger for at dere f\u00e5r dem alle med hjem!\n\n\n\nOffisielle portrett\n<p style=\"color:#898989;font-family: poppins;font-size:13px;line-height:2;text-align:left\">Dette er v\u00e5r startpakke, som inkluderer offisielle portretter p\u00e5 en \u00f8nsket lokasjon. Pakken omfatter ogs\u00e5 grundige forberedelser, inkludert et m\u00f8te i forkant for \u00e5 diskutere stilen og typen bilder brudeparet \u00f8nsker. Vi tar oss normalt ogs\u00e5 tid til \u00e5 utforske og vurdere lokasjonen for \u00e5 minimere u\u00f8nskede overraskelser og sikre de beste mulige resultatene. Alle fotografens utvalgte bilder inkludert digitalt i SoMe format.<\/p>\n\n\n\nForberedelser\n<p style=\"color:#898989;font-family: poppins;font-size:13px;line-height:2;text-align:left\">Vi dokumenterer den spennende starten p\u00e5 bryllupsdagen ved \u00e5 f\u00f8lge bruden gjennom morgenen og formiddagen, mens hun gj\u00f8r seg klar sammen med forloverne. Dette er ofte en stemningsfull og morsom opplevelse fylt med forventning, latter og fine \u00f8yeblikk.\n\nDer det er mulig, tar vi ogs\u00e5 turen innom brudgommen for \u00e5 fange hans forberedelser og de spesielle \u00f8yeblikkene sammen med hans n\u00e6rmeste.<\/p>\n\n\n\nSEREMONIen\n<p style=\"color:#898989;font-family: poppins;font-size:13px;line-height:2;text-align:left\">Vi ankommer seremonien litt i forkant for \u00e5 fange stemningen, inkludert bilder av gjester og den forventningsfulle brudgommen eller bruden. Under selve seremonien beveger vi oss diskret rundt i lokalet for \u00e5 dokumentere de mest minneverdige \u00f8yeblikkene.\n\nEtter seremonien tar vi gjerne portretter av gjestene, samt gruppebilder med venner og familie, slik at minnene fra denne spesielle dagen blir komplett.<\/p>\n\n\n\n<span style=\"color: rgb(51, 51, 51); font-family: Roboto; font-size: 14px; font-style: normal; font-variant-ligatures: normal; font-variant-caps: normal; font-weight: 300; letter-spacing: normal; text-align: start; text-transform: none; background-color: rgb(243, 243, 243); text-decoration-style: initial;\">Middag\/Selskap<\/span>\n<p style=\"color:#898989;font-family: poppins;font-size:13px;line-height:2;text-align:left\">En av de mest givende delene av jobben v\u00e5r er \u00e5 bli kjent med brudeparet, deres familie og alle vennene. Dette gj\u00f8r det ekstra spesielt \u00e5 forevige selskapet \u2013 den gode stemningen, latteren, brudevalsen, lekene og ikke minst \u00f8yeblikket n\u00e5r kaken skj\u00e6res.\n\nVi s\u00f8rger for \u00e5 fange de viktigste minnene fra kvelden, og avslutter normalt etter at kaken er delt.<\/p>\n\n\nHeldags fotografering fra morgen til kveld\nVed heldagsfotografering spar dere 700.-. 10 timers fotografering fra morgen til og med brudevalsen 17900.-\n\n\n\n\nDigitale filer og forst\u00f8rrelser\n<p style=\"color:#898989;font-family: poppins;font-size:13px;line-height:2;text-align:left\">Digitale bildefiler &#8211; H\u00f8yoppl\u00f8selige bilder med lettere editering kj\u00f8pes i etterkant for:\n<br>550.- pr digital bildefil<br>1500, &#8211; pakkepris for 4 digitale bildefiler<br>3900, &#8211; pakkepris for 12 digitale bildefiler<br>5900, &#8211; pakkepris for 20 digitale bildefiler<\/p><p style=\"color:#898989;font-family: poppins;font-size:13px;line-height:2;text-align:left\">Format og pris p\u00e5 forst\u00f8rrelse vil v\u00e6re tilgjengelige i nettgalleriet.<\/p>\n\n\n<span style=\"color: rgb(51, 51, 51); font-family: Roboto; font-size: 14px; font-style: normal; font-variant-ligatures: normal; font-variant-caps: normal; font-weight: 300; letter-spacing: normal; text-align: start; text-transform: none; background-color: rgb(243, 243, 243); text-decoration-style: initial;\">fotobooth<\/span>\n<p style=\"color:#898989;font-family: poppins;font-size:13px;line-height:2;text-align:left\">Ved heldagsfotografering tilbyr vi ogs\u00e5 muligheten til \u00e5 leie en fotobooth, hvor b\u00e5de brudeparet og gjestene kan slippe seg l\u00f8s foran kameraet s\u00e5 mye de \u00f8nsker. Bildene blir tilgjengelige online umiddelbart. Alle bildene er inkludert i leien.<\/p>\n\n\n\n\n\n\n\n\nGalleri\nNoen bilder fra tidligere bryllup. Hvis dere liker det dere ser s\u00e5 ta kontakt\n\n\n\n","protected":false},"excerpt":{"rendered":"","protected":false},"author":1,"featured_media":0,"parent":0,"menu_order":0,"comment_status":"closed","ping_status":"closed","template":"","meta":{"pagelayer_contact_templates":[],"_pagelayer_content":"","footnotes":""},"class_list":["post-33","page","type-page","status-publish","hentry"],"_links":{"self":[{"href":"https:\/\/karlgren.no\/bryllup\/wp-json\/wp\/v2\/pages\/33","targetHints":{"allow":["GET"]}}],"collection":[{"href":"https:\/\/karlgren.no\/bryllup\/wp-json\/wp\/v2\/pages"}],"about":[{"href":"https:\/\/karlgren.no\/bryllup\/wp-json\/wp\/v2\/types\/page"}],"author":[{"embeddable":true,"href":"https:\/\/karlgren.no\/bryllup\/wp-json\/wp\/v2\/users\/1"}],"replies":[{"embeddable":true,"href":"https:\/\/karlgren.no\/bryllup\/wp-json\/wp\/v2\/comments?post=33"}],"version-history":[{"count":13,"href":"https:\/\/karlgren.no\/bryllup\/wp-json\/wp\/v2\/pages\/33\/revisions"}],"predecessor-version":[{"id":109,"href":"https:\/\/karlgren.no\/bryllup\/wp-json\/wp\/v2\/pages\/33\/revisions\/109"}],"wp:attachment":[{"href":"https:\/\/karlgren.no\/bryllup\/wp-json\/wp\/v2\/media?parent=33"}],"curies":[{"name":"wp","href":"https:\/\/api.w.org\/{rel}","templated":true}]}}